    {"id":145,"date":"2025-09-26T22:14:32","date_gmt":"2025-09-26T20:14:32","guid":{"rendered":"https:\/\/renard3dmodelisation.com\/?page_id=145"},"modified":"2025-10-08T18:29:07","modified_gmt":"2025-10-08T16:29:07","slug":"produit-saisonnier","status":"publish","type":"page","link":"https:\/\/renard3dmodelisation.com\/?page_id=145","title":{"rendered":"produits saisonniers"},"content":{"rendered":"\n<h2 class=\"wp-block-heading\">Nos produits vendus uniquement pendant la p\u00e9riode de no\u00ebl<\/h2>\n\n\n\n<p><\/p>\n\n\n<div class=\"woocommerce columns-4 \"><ul class=\"products columns-4\">\n<li class=\"product type-product post-234 status-publish first instock product_cat-art-de-la-table has-post-thumbnail taxable shipping-taxable product-type-external\">\n\t<a href=\"https:\/\/renard3dmodelisation.com\/?product=derouleur-dessuie-tout\" class=\"woocommerce-LoopProduct-link woocommerce-loop-product__link\"><img loading=\"lazy\" decoding=\"async\" width=\"300\" height=\"300\" src=\"https:\/\/renard3dmodelisation.com\/wp-content\/uploads\/2025\/10\/The_Cat_the_Bird_and_the_Paper_Towel_4_2_7b4318d815-300x300.jpg\" class=\"attachment-woocommerce_thumbnail size-woocommerce_thumbnail\" alt=\"Chat d\u00e9rouleur d&#039;essuie tout\" srcset=\"https:\/\/renard3dmodelisation.com\/wp-content\/uploads\/2025\/10\/The_Cat_the_Bird_and_the_Paper_Towel_4_2_7b4318d815-300x300.jpg 300w, https:\/\/renard3dmodelisation.com\/wp-content\/uploads\/2025\/10\/The_Cat_the_Bird_and_the_Paper_Towel_4_2_7b4318d815-150x150.jpg 150w, https:\/\/renard3dmodelisation.com\/wp-content\/uploads\/2025\/10\/The_Cat_the_Bird_and_the_Paper_Towel_4_2_7b4318d815-100x100.jpg 100w\" sizes=\"auto, (max-width: 300px) 100vw, 300px\" \/><h2 class=\"woocommerce-loop-product__title\">Chat d\u00e9rouleur d&rsquo;essuie tout<\/h2>\n\t<span class=\"price\"><span class=\"woocommerce-Price-amount amount\"><bdi>20,00&nbsp;<span class=\"woocommerce-Price-currencySymbol\">&euro;<\/span><\/bdi><\/span><\/span>\n<\/a><a href=\"\" aria-describedby=\"woocommerce_loop_add_to_cart_link_describedby_234\" data-quantity=\"1\" class=\"button wp-element-button product_type_external\" data-product_id=\"234\" data-product_sku=\"\" aria-label=\"Acheter &ldquo;Chat d\u00e9rouleur d&#039;essuie tout&rdquo;\" rel=\"nofollow\">Acheter le produit<\/a>\t<span id=\"woocommerce_loop_add_to_cart_link_describedby_234\" class=\"screen-reader-text\">\n\t\t\t<\/span>\n<\/li>\n<li class=\"product type-product post-291 status-publish instock product_cat-art-de-la-table has-post-thumbnail taxable shipping-taxable purchasable product-type-simple\">\n\t<a href=\"https:\/\/renard3dmodelisation.com\/?product=porte-verre-bouteille\" class=\"woocommerce-LoopProduct-link woocommerce-loop-product__link\"><img loading=\"lazy\" decoding=\"async\" width=\"300\" height=\"300\" src=\"https:\/\/renard3dmodelisation.com\/wp-content\/uploads\/2025\/10\/Grape_Expectations_Glass_Holder_6_064bca6c20-300x300.png\" class=\"attachment-woocommerce_thumbnail size-woocommerce_thumbnail\" alt=\"Porte verre bouteille\" srcset=\"https:\/\/renard3dmodelisation.com\/wp-content\/uploads\/2025\/10\/Grape_Expectations_Glass_Holder_6_064bca6c20-300x300.png 300w, https:\/\/renard3dmodelisation.com\/wp-content\/uploads\/2025\/10\/Grape_Expectations_Glass_Holder_6_064bca6c20-150x150.png 150w, https:\/\/renard3dmodelisation.com\/wp-content\/uploads\/2025\/10\/Grape_Expectations_Glass_Holder_6_064bca6c20-100x100.png 100w\" sizes=\"auto, (max-width: 300px) 100vw, 300px\" \/><h2 class=\"woocommerce-loop-product__title\">Porte verre bouteille<\/h2>\n\t<span class=\"price\"><span class=\"woocommerce-Price-amount amount\"><bdi>15,50&nbsp;<span class=\"woocommerce-Price-currencySymbol\">&euro;<\/span><\/bdi><\/span><\/span>\n<\/a><a href=\"\/index.php?rest_route=%2Fwp%2Fv2%2Fpages%2F145&#038;add-to-cart=291\" aria-describedby=\"woocommerce_loop_add_to_cart_link_describedby_291\" data-quantity=\"1\" class=\"button wp-element-button product_type_simple add_to_cart_button ajax_add_to_cart\" data-product_id=\"291\" data-product_sku=\"\" aria-label=\"Ajouter au panier\u00a0: &ldquo;Porte verre bouteille&rdquo;\" rel=\"nofollow\" data-success_message=\"\u00ab\u00a0Porte verre bouteille\u00a0\u00bb a \u00e9t\u00e9 ajout\u00e9 \u00e0 votre panier\" role=\"button\">Ajouter au panier<\/a>\t<span id=\"woocommerce_loop_add_to_cart_link_describedby_291\" class=\"screen-reader-text\">\n\t\t\t<\/span>\n<\/li>\n<li class=\"product type-product post-95 status-publish instock product_cat-art-de-la-table has-post-thumbnail taxable shipping-taxable purchasable product-type-simple\">\n\t<a href=\"https:\/\/renard3dmodelisation.com\/?product=presentoir-a-bouteille\" class=\"woocommerce-LoopProduct-link woocommerce-loop-product__link\"><img loading=\"lazy\" decoding=\"async\" width=\"300\" height=\"300\" src=\"https:\/\/renard3dmodelisation.com\/wp-content\/uploads\/2025\/09\/The_Oak_Rest_Glass_and_Wine_Holder6_63b4d92455-300x300.webp\" class=\"attachment-woocommerce_thumbnail size-woocommerce_thumbnail\" alt=\"pr\u00e9sentoir a bouteille\" srcset=\"https:\/\/renard3dmodelisation.com\/wp-content\/uploads\/2025\/09\/The_Oak_Rest_Glass_and_Wine_Holder6_63b4d92455-300x300.webp 300w, https:\/\/renard3dmodelisation.com\/wp-content\/uploads\/2025\/09\/The_Oak_Rest_Glass_and_Wine_Holder6_63b4d92455-150x150.webp 150w, https:\/\/renard3dmodelisation.com\/wp-content\/uploads\/2025\/09\/The_Oak_Rest_Glass_and_Wine_Holder6_63b4d92455-100x100.webp 100w\" sizes=\"auto, (max-width: 300px) 100vw, 300px\" \/><h2 class=\"woocommerce-loop-product__title\">pr\u00e9sentoir a bouteille<\/h2>\n\t<span class=\"price\"><span class=\"woocommerce-Price-amount amount\"><bdi>20,00&nbsp;<span class=\"woocommerce-Price-currencySymbol\">&euro;<\/span><\/bdi><\/span><\/span>\n<\/a><a href=\"\/index.php?rest_route=%2Fwp%2Fv2%2Fpages%2F145&#038;add-to-cart=95\" aria-describedby=\"woocommerce_loop_add_to_cart_link_describedby_95\" data-quantity=\"1\" class=\"button wp-element-button product_type_simple add_to_cart_button ajax_add_to_cart\" data-product_id=\"95\" data-product_sku=\"\" aria-label=\"Ajouter au panier\u00a0: &ldquo;pr\u00e9sentoir a bouteille&rdquo;\" rel=\"nofollow\" data-success_message=\"\u00ab\u00a0pr\u00e9sentoir a bouteille\u00a0\u00bb a \u00e9t\u00e9 ajout\u00e9 \u00e0 votre panier\" role=\"button\">Ajouter au panier<\/a>\t<span id=\"woocommerce_loop_add_to_cart_link_describedby_95\" class=\"screen-reader-text\">\n\t\t\t<\/span>\n<\/li>\n<\/ul>\n<\/div>\n\n\n\n<p><\/p>\n","protected":false},"excerpt":{"rendered":"<p>Nos produits vendus uniquement pendant la p\u00e9riode de no\u00ebl<\/p>\n","protected":false},"author":1,"featured_media":0,"parent":0,"menu_order":0,"comment_status":"closed","ping_status":"closed","template":"","meta":{"_themeisle_gutenberg_block_has_review":false,"footnotes":""},"class_list":["post-145","page","type-page","status-publish","hentry"],"jetpack_sharing_enabled":true,"_links":{"self":[{"href":"https:\/\/renard3dmodelisation.com\/index.php?rest_route=\/wp\/v2\/pages\/145","targetHints":{"allow":["GET"]}}],"collection":[{"href":"https:\/\/renard3dmodelisation.com\/index.php?rest_route=\/wp\/v2\/pages"}],"about":[{"href":"https:\/\/renard3dmodelisation.com\/index.php?rest_route=\/wp\/v2\/types\/page"}],"author":[{"embeddable":true,"href":"https:\/\/renard3dmodelisation.com\/index.php?rest_route=\/wp\/v2\/users\/1"}],"replies":[{"embeddable":true,"href":"https:\/\/renard3dmodelisation.com\/index.php?rest_route=%2Fwp%2Fv2%2Fcomments&post=145"}],"version-history":[{"count":9,"href":"https:\/\/renard3dmodelisation.com\/index.php?rest_route=\/wp\/v2\/pages\/145\/revisions"}],"predecessor-version":[{"id":290,"href":"https:\/\/renard3dmodelisation.com\/index.php?rest_route=\/wp\/v2\/pages\/145\/revisions\/290"}],"wp:attachment":[{"href":"https:\/\/renard3dmodelisation.com\/index.php?rest_route=%2Fwp%2Fv2%2Fmedia&parent=145"}],"curies":[{"name":"wp","href":"https:\/\/api.w.org\/{rel}","templated":true}]}}