    {"id":251,"date":"2025-10-08T15:53:48","date_gmt":"2025-10-08T13:53:48","guid":{"rendered":"https:\/\/renard3dmodelisation.com\/?post_type=product&#038;p=251"},"modified":"2026-03-15T01:41:49","modified_gmt":"2026-03-15T00:41:49","slug":"trousse-de-bureau","status":"publish","type":"product","link":"https:\/\/renard3dmodelisation.com\/?product=trousse-de-bureau","title":{"rendered":"Trousse de bureau"},"content":{"rendered":"<p>La <strong data-start=\"2517\" data-end=\"2548\">Trousse de Bureau<\/strong> remet de l\u2019ordre.<br data-start=\"2577\" data-end=\"2580\" \/>Entre design g\u00e9om\u00e9trique, lignes fluides et praticit\u00e9, c\u2019est l\u2019accessoire du cr\u00e9ateur organis\u00e9 (ou de celui qui essaie de le devenir \ud83d\ude05).<\/p>\n","protected":false},"excerpt":{"rendered":"<p>Parfaite pour ton coin bureau ou ton atelier.<br data-start=\"3416\" data-end=\"3419\" \/>Elle garde tout en place \u2014 sauf ton imagination, \u00e9videmment.<\/p>\n","protected":false},"featured_media":252,"comment_status":"open","ping_status":"closed","template":"","meta":{"_themeisle_gutenberg_block_has_review":false},"product_brand":[],"product_cat":[28],"product_tag":[],"class_list":{"0":"post-251","1":"product","2":"type-product","3":"status-publish","4":"has-post-thumbnail","6":"product_cat-deco","8":"first","9":"outofstock","10":"taxable","11":"shipping-taxable","12":"purchasable","13":"product-type-simple"},"jetpack_sharing_enabled":true,"_links":{"self":[{"href":"https:\/\/renard3dmodelisation.com\/index.php?rest_route=\/wp\/v2\/product\/251","targetHints":{"allow":["GET"]}}],"collection":[{"href":"https:\/\/renard3dmodelisation.com\/index.php?rest_route=\/wp\/v2\/product"}],"about":[{"href":"https:\/\/renard3dmodelisation.com\/index.php?rest_route=\/wp\/v2\/types\/product"}],"replies":[{"embeddable":true,"href":"https:\/\/renard3dmodelisation.com\/index.php?rest_route=%2Fwp%2Fv2%2Fcomments&post=251"}],"wp:featuredmedia":[{"embeddable":true,"href":"https:\/\/renard3dmodelisation.com\/index.php?rest_route=\/wp\/v2\/media\/252"}],"wp:attachment":[{"href":"https:\/\/renard3dmodelisation.com\/index.php?rest_route=%2Fwp%2Fv2%2Fmedia&parent=251"}],"wp:term":[{"taxonomy":"product_brand","embeddable":true,"href":"https:\/\/renard3dmodelisation.com\/index.php?rest_route=%2Fwp%2Fv2%2Fproduct_brand&post=251"},{"taxonomy":"product_cat","embeddable":true,"href":"https:\/\/renard3dmodelisation.com\/index.php?rest_route=%2Fwp%2Fv2%2Fproduct_cat&post=251"},{"taxonomy":"product_tag","embeddable":true,"href":"https:\/\/renard3dmodelisation.com\/index.php?rest_route=%2Fwp%2Fv2%2Fproduct_tag&post=251"}],"curies":[{"name":"wp","href":"https:\/\/api.w.org\/{rel}","templated":true}]}}