    {"id":259,"date":"2025-10-08T15:59:33","date_gmt":"2025-10-08T13:59:33","guid":{"rendered":"https:\/\/renard3dmodelisation.com\/?post_type=product&#038;p=259"},"modified":"2026-03-15T01:42:57","modified_gmt":"2026-03-15T00:42:57","slug":"un-chat-sur-la-lune","status":"publish","type":"product","link":"https:\/\/renard3dmodelisation.com\/?product=un-chat-sur-la-lune","title":{"rendered":"un chat sur la lune"},"content":{"rendered":"<p>Un petit chat curieux assis sur un croissant de lune, pos\u00e9 sur un nuage tout doux\u2026<\/p>\n<p>la d\u00e9coration parfaite pour apporter une ambiance magique et apaisante \u00e0 une chambre ou un coin cosy.<\/p>\n","protected":false},"excerpt":{"rendered":"<p>cette lampe diffuse une lumi\u00e8re douce id\u00e9ale pour les soir\u00e9es calmes ou comme veilleuse.<br data-start=\"354\" data-end=\"357\" \/>Un objet aussi mignon que lumineux qui fera craquer tous les amoureux des chats.<\/p>\n","protected":false},"featured_media":261,"comment_status":"open","ping_status":"closed","template":"","meta":{"_themeisle_gutenberg_block_has_review":false},"product_brand":[],"product_cat":[30],"product_tag":[],"class_list":{"0":"post-259","1":"product","2":"type-product","3":"status-publish","4":"has-post-thumbnail","6":"product_cat-eclairages","8":"first","9":"outofstock","10":"taxable","11":"shipping-taxable","12":"purchasable","13":"product-type-simple"},"jetpack_sharing_enabled":true,"_links":{"self":[{"href":"https:\/\/renard3dmodelisation.com\/index.php?rest_route=\/wp\/v2\/product\/259","targetHints":{"allow":["GET"]}}],"collection":[{"href":"https:\/\/renard3dmodelisation.com\/index.php?rest_route=\/wp\/v2\/product"}],"about":[{"href":"https:\/\/renard3dmodelisation.com\/index.php?rest_route=\/wp\/v2\/types\/product"}],"replies":[{"embeddable":true,"href":"https:\/\/renard3dmodelisation.com\/index.php?rest_route=%2Fwp%2Fv2%2Fcomments&post=259"}],"wp:featuredmedia":[{"embeddable":true,"href":"https:\/\/renard3dmodelisation.com\/index.php?rest_route=\/wp\/v2\/media\/261"}],"wp:attachment":[{"href":"https:\/\/renard3dmodelisation.com\/index.php?rest_route=%2Fwp%2Fv2%2Fmedia&parent=259"}],"wp:term":[{"taxonomy":"product_brand","embeddable":true,"href":"https:\/\/renard3dmodelisation.com\/index.php?rest_route=%2Fwp%2Fv2%2Fproduct_brand&post=259"},{"taxonomy":"product_cat","embeddable":true,"href":"https:\/\/renard3dmodelisation.com\/index.php?rest_route=%2Fwp%2Fv2%2Fproduct_cat&post=259"},{"taxonomy":"product_tag","embeddable":true,"href":"https:\/\/renard3dmodelisation.com\/index.php?rest_route=%2Fwp%2Fv2%2Fproduct_tag&post=259"}],"curies":[{"name":"wp","href":"https:\/\/api.w.org\/{rel}","templated":true}]}}