    {"id":266,"date":"2025-10-08T16:02:52","date_gmt":"2025-10-08T14:02:52","guid":{"rendered":"https:\/\/renard3dmodelisation.com\/?post_type=product&#038;p=266"},"modified":"2026-03-08T06:55:34","modified_gmt":"2026-03-08T05:55:34","slug":"coccinelle-lumineuse","status":"publish","type":"product","link":"https:\/\/renard3dmodelisation.com\/?product=coccinelle-lumineuse","title":{"rendered":"coccinelle lumineuse"},"content":{"rendered":"<p>Une adorable coccinelle qui \u00e9claire votre int\u00e9rieur avec douceur ! Avec ses grands yeux et sa lumi\u00e8re chaleureuse,<\/p>\n<p>elle apporte une touche ludique et cosy \u00e0 une chambre, un bureau ou un coin d\u00e9tente.<\/p>\n","protected":false},"excerpt":{"rendered":"<p>cette lampe originale est \u00e0 la fois d\u00e9corative et pleine de charme.<br data-start=\"332\" data-end=\"335\" \/>Un petit rayon de lumi\u00e8re qui fait sourire petits et grands.<\/p>\n","protected":false},"featured_media":267,"comment_status":"open","ping_status":"closed","template":"","meta":{"_themeisle_gutenberg_block_has_review":false},"product_brand":[],"product_cat":[30],"product_tag":[],"class_list":{"0":"post-266","1":"product","2":"type-product","3":"status-publish","4":"has-post-thumbnail","6":"product_cat-eclairages","8":"first","9":"instock","10":"taxable","11":"shipping-taxable","12":"purchasable","13":"product-type-simple"},"jetpack_sharing_enabled":true,"_links":{"self":[{"href":"https:\/\/renard3dmodelisation.com\/index.php?rest_route=\/wp\/v2\/product\/266","targetHints":{"allow":["GET"]}}],"collection":[{"href":"https:\/\/renard3dmodelisation.com\/index.php?rest_route=\/wp\/v2\/product"}],"about":[{"href":"https:\/\/renard3dmodelisation.com\/index.php?rest_route=\/wp\/v2\/types\/product"}],"replies":[{"embeddable":true,"href":"https:\/\/renard3dmodelisation.com\/index.php?rest_route=%2Fwp%2Fv2%2Fcomments&post=266"}],"wp:featuredmedia":[{"embeddable":true,"href":"https:\/\/renard3dmodelisation.com\/index.php?rest_route=\/wp\/v2\/media\/267"}],"wp:attachment":[{"href":"https:\/\/renard3dmodelisation.com\/index.php?rest_route=%2Fwp%2Fv2%2Fmedia&parent=266"}],"wp:term":[{"taxonomy":"product_brand","embeddable":true,"href":"https:\/\/renard3dmodelisation.com\/index.php?rest_route=%2Fwp%2Fv2%2Fproduct_brand&post=266"},{"taxonomy":"product_cat","embeddable":true,"href":"https:\/\/renard3dmodelisation.com\/index.php?rest_route=%2Fwp%2Fv2%2Fproduct_cat&post=266"},{"taxonomy":"product_tag","embeddable":true,"href":"https:\/\/renard3dmodelisation.com\/index.php?rest_route=%2Fwp%2Fv2%2Fproduct_tag&post=266"}],"curies":[{"name":"wp","href":"https:\/\/api.w.org\/{rel}","templated":true}]}}