    {"id":274,"date":"2025-10-08T16:15:41","date_gmt":"2025-10-08T14:15:41","guid":{"rendered":"https:\/\/renard3dmodelisation.com\/?post_type=product&#038;p=274"},"modified":"2026-03-08T06:44:04","modified_gmt":"2026-03-08T05:44:04","slug":"couple-de-chat-porte-cle","status":"publish","type":"product","link":"https:\/\/renard3dmodelisation.com\/?product=couple-de-chat-porte-cle","title":{"rendered":"porte-cl\u00e9 couple de chat"},"content":{"rendered":"<p>Imprim\u00e9 en 3D avec de jolis d\u00e9tails, il est parfait pour les amoureux des chats\u2026 et pour ceux qui ne veulent plus jamais chercher leurs cl\u00e9s.<\/p>\n","protected":false},"excerpt":{"rendered":"<p>Deux petits chats assis c\u00f4te \u00e0 c\u00f4te, complices et ins\u00e9parables, pr\u00eats \u00e0 garder vos cl\u00e9s avec style.<\/p>\n<p>Un objet d\u00e9coratif plein de tendresse qui apporte une touche chaleureuse \u00e0 votre entr\u00e9e..<\/p>\n","protected":false},"featured_media":275,"comment_status":"open","ping_status":"closed","template":"","meta":{"_themeisle_gutenberg_block_has_review":false},"product_brand":[],"product_cat":[28],"product_tag":[],"class_list":{"0":"post-274","1":"product","2":"type-product","3":"status-publish","4":"has-post-thumbnail","6":"product_cat-deco","8":"first","9":"instock","10":"taxable","11":"shipping-taxable","12":"purchasable","13":"product-type-simple"},"jetpack_sharing_enabled":true,"_links":{"self":[{"href":"https:\/\/renard3dmodelisation.com\/index.php?rest_route=\/wp\/v2\/product\/274","targetHints":{"allow":["GET"]}}],"collection":[{"href":"https:\/\/renard3dmodelisation.com\/index.php?rest_route=\/wp\/v2\/product"}],"about":[{"href":"https:\/\/renard3dmodelisation.com\/index.php?rest_route=\/wp\/v2\/types\/product"}],"replies":[{"embeddable":true,"href":"https:\/\/renard3dmodelisation.com\/index.php?rest_route=%2Fwp%2Fv2%2Fcomments&post=274"}],"wp:featuredmedia":[{"embeddable":true,"href":"https:\/\/renard3dmodelisation.com\/index.php?rest_route=\/wp\/v2\/media\/275"}],"wp:attachment":[{"href":"https:\/\/renard3dmodelisation.com\/index.php?rest_route=%2Fwp%2Fv2%2Fmedia&parent=274"}],"wp:term":[{"taxonomy":"product_brand","embeddable":true,"href":"https:\/\/renard3dmodelisation.com\/index.php?rest_route=%2Fwp%2Fv2%2Fproduct_brand&post=274"},{"taxonomy":"product_cat","embeddable":true,"href":"https:\/\/renard3dmodelisation.com\/index.php?rest_route=%2Fwp%2Fv2%2Fproduct_cat&post=274"},{"taxonomy":"product_tag","embeddable":true,"href":"https:\/\/renard3dmodelisation.com\/index.php?rest_route=%2Fwp%2Fv2%2Fproduct_tag&post=274"}],"curies":[{"name":"wp","href":"https:\/\/api.w.org\/{rel}","templated":true}]}}