    {"id":279,"date":"2025-10-08T16:19:15","date_gmt":"2025-10-08T14:19:15","guid":{"rendered":"https:\/\/renard3dmodelisation.com\/?post_type=product&#038;p=279"},"modified":"2026-03-08T06:54:11","modified_gmt":"2026-03-08T05:54:11","slug":"porte-cle-famille-decureuil","status":"publish","type":"product","link":"https:\/\/renard3dmodelisation.com\/?product=porte-cle-famille-decureuil","title":{"rendered":"porte-cl\u00e9 famille d&rsquo;\u00e9cureuil"},"content":{"rendered":"<p>Toute une petite famille d\u2019\u00e9cureuils perch\u00e9e sur une branche pour veiller sur vos cl\u00e9s !<\/p>\n<p>Chaque crochet permet d\u2019accrocher facilement vos cl\u00e9s tout en ajoutant une touche nature et chaleureuse \u00e0 votre entr\u00e9e.<\/p>\n","protected":false},"excerpt":{"rendered":"<p>Imprim\u00e9 en 3D avec de jolis d\u00e9tails, ce porte-cl\u00e9s original est aussi pratique que d\u00e9coratif\u2026 et parfait pour que chacun ait sa place \u00e0 la maison.<\/p>\n","protected":false},"featured_media":280,"comment_status":"open","ping_status":"closed","template":"","meta":{"_themeisle_gutenberg_block_has_review":false},"product_brand":[],"product_cat":[28],"product_tag":[],"class_list":{"0":"post-279","1":"product","2":"type-product","3":"status-publish","4":"has-post-thumbnail","6":"product_cat-deco","8":"first","9":"instock","10":"taxable","11":"shipping-taxable","12":"purchasable","13":"product-type-simple"},"jetpack_sharing_enabled":true,"_links":{"self":[{"href":"https:\/\/renard3dmodelisation.com\/index.php?rest_route=\/wp\/v2\/product\/279","targetHints":{"allow":["GET"]}}],"collection":[{"href":"https:\/\/renard3dmodelisation.com\/index.php?rest_route=\/wp\/v2\/product"}],"about":[{"href":"https:\/\/renard3dmodelisation.com\/index.php?rest_route=\/wp\/v2\/types\/product"}],"replies":[{"embeddable":true,"href":"https:\/\/renard3dmodelisation.com\/index.php?rest_route=%2Fwp%2Fv2%2Fcomments&post=279"}],"wp:featuredmedia":[{"embeddable":true,"href":"https:\/\/renard3dmodelisation.com\/index.php?rest_route=\/wp\/v2\/media\/280"}],"wp:attachment":[{"href":"https:\/\/renard3dmodelisation.com\/index.php?rest_route=%2Fwp%2Fv2%2Fmedia&parent=279"}],"wp:term":[{"taxonomy":"product_brand","embeddable":true,"href":"https:\/\/renard3dmodelisation.com\/index.php?rest_route=%2Fwp%2Fv2%2Fproduct_brand&post=279"},{"taxonomy":"product_cat","embeddable":true,"href":"https:\/\/renard3dmodelisation.com\/index.php?rest_route=%2Fwp%2Fv2%2Fproduct_cat&post=279"},{"taxonomy":"product_tag","embeddable":true,"href":"https:\/\/renard3dmodelisation.com\/index.php?rest_route=%2Fwp%2Fv2%2Fproduct_tag&post=279"}],"curies":[{"name":"wp","href":"https:\/\/api.w.org\/{rel}","templated":true}]}}