    {"id":291,"date":"2025-10-12T08:40:13","date_gmt":"2025-10-12T06:40:13","guid":{"rendered":"https:\/\/renard3dmodelisation.com\/?post_type=product&#038;p=291"},"modified":"2026-03-01T10:38:59","modified_gmt":"2026-03-01T09:38:59","slug":"porte-verre-bouteille","status":"publish","type":"product","link":"https:\/\/renard3dmodelisation.com\/?product=porte-verre-bouteille","title":{"rendered":"Porte verre bouteille"},"content":{"rendered":"<p>Un porte-bouteille 3D original en forme de feuille, qui accueille \u00e9l\u00e9gamment votre bouteille au centre et deux verres suspendus pr\u00eats \u00e0 trinquer.<\/p>\n<p>Pratique, il transforme chaque ap\u00e9ro ou repas en moment styl\u00e9.<\/p>\n<h3 data-start=\"2063\" data-end=\"2096\">Caract\u00e9ristiques techniques<\/h3>\n<ul data-start=\"2097\" data-end=\"2273\">\n<li data-start=\"2097\" data-end=\"2138\">\n<p data-start=\"2099\" data-end=\"2138\">Mat\u00e9riau : PLA ou PETG selon version.<\/p>\n<\/li>\n<li data-start=\"2139\" data-end=\"2177\">\n<p data-start=\"2141\" data-end=\"2177\">Capacit\u00e9 : 1 bouteille + 2 verres.<\/p>\n<\/li>\n<li data-start=\"2178\" data-end=\"2225\">\n<p data-start=\"2180\" data-end=\"2225\">Dimensions : L : 21 cm x l : 21 cm x H : 1 cm<\/p>\n<\/li>\n<\/ul>\n","protected":false},"excerpt":{"rendered":"<p>Un porte-bouteille qui apporte une touche design et moderne \u00e0 votre table.<br data-start=\"385\" data-end=\"388\" \/>Parce qu\u2019un bon vin m\u00e9rite une mise en sc\u00e8ne \u00e0 la hauteur.<\/p>\n","protected":false},"featured_media":292,"comment_status":"open","ping_status":"closed","template":"","meta":{"_themeisle_gutenberg_block_has_review":false},"product_brand":[],"product_cat":[21],"product_tag":[],"class_list":{"0":"post-291","1":"product","2":"type-product","3":"status-publish","4":"has-post-thumbnail","6":"product_cat-art-de-la-table","8":"first","9":"instock","10":"taxable","11":"shipping-taxable","12":"purchasable","13":"product-type-simple"},"jetpack_sharing_enabled":true,"_links":{"self":[{"href":"https:\/\/renard3dmodelisation.com\/index.php?rest_route=\/wp\/v2\/product\/291","targetHints":{"allow":["GET"]}}],"collection":[{"href":"https:\/\/renard3dmodelisation.com\/index.php?rest_route=\/wp\/v2\/product"}],"about":[{"href":"https:\/\/renard3dmodelisation.com\/index.php?rest_route=\/wp\/v2\/types\/product"}],"replies":[{"embeddable":true,"href":"https:\/\/renard3dmodelisation.com\/index.php?rest_route=%2Fwp%2Fv2%2Fcomments&post=291"}],"wp:featuredmedia":[{"embeddable":true,"href":"https:\/\/renard3dmodelisation.com\/index.php?rest_route=\/wp\/v2\/media\/292"}],"wp:attachment":[{"href":"https:\/\/renard3dmodelisation.com\/index.php?rest_route=%2Fwp%2Fv2%2Fmedia&parent=291"}],"wp:term":[{"taxonomy":"product_brand","embeddable":true,"href":"https:\/\/renard3dmodelisation.com\/index.php?rest_route=%2Fwp%2Fv2%2Fproduct_brand&post=291"},{"taxonomy":"product_cat","embeddable":true,"href":"https:\/\/renard3dmodelisation.com\/index.php?rest_route=%2Fwp%2Fv2%2Fproduct_cat&post=291"},{"taxonomy":"product_tag","embeddable":true,"href":"https:\/\/renard3dmodelisation.com\/index.php?rest_route=%2Fwp%2Fv2%2Fproduct_tag&post=291"}],"curies":[{"name":"wp","href":"https:\/\/api.w.org\/{rel}","templated":true}]}}