    {"id":325,"date":"2025-10-12T10:44:36","date_gmt":"2025-10-12T08:44:36","guid":{"rendered":"https:\/\/renard3dmodelisation.com\/?post_type=product&#038;p=325"},"modified":"2026-03-01T13:54:19","modified_gmt":"2026-03-01T12:54:19","slug":"chat-joueur-holder-alexa-echo-dot","status":"publish","type":"product","link":"https:\/\/renard3dmodelisation.com\/?product=chat-joueur-holder-alexa-echo-dot","title":{"rendered":"chat c\u00e2lin (Holder Alexa \u00e9cho dot)"},"content":{"rendered":"<p>Qui a dit que la technologie \u00e9tait froide ? Ce petit chat noir prot\u00e8ge votre Echo Dot avec un gros c\u00e2lin.<\/p>\n","protected":false},"excerpt":{"rendered":"<p>Parfait pour ajouter une touche de &lsquo;vif&rsquo; et de design \u00e0 votre bureau ou votre table de nuit. Adoptez-le, il ne r\u00e9clame m\u00eame pas de croquettes !<\/p>\n","protected":false},"featured_media":326,"comment_status":"open","ping_status":"closed","template":"","meta":{"_themeisle_gutenberg_block_has_review":false},"product_brand":[],"product_cat":[29],"product_tag":[],"class_list":{"0":"post-325","1":"product","2":"type-product","3":"status-publish","4":"has-post-thumbnail","6":"product_cat-gadget-jouet","8":"first","9":"instock","10":"taxable","11":"shipping-taxable","12":"purchasable","13":"product-type-simple"},"jetpack_sharing_enabled":true,"_links":{"self":[{"href":"https:\/\/renard3dmodelisation.com\/index.php?rest_route=\/wp\/v2\/product\/325","targetHints":{"allow":["GET"]}}],"collection":[{"href":"https:\/\/renard3dmodelisation.com\/index.php?rest_route=\/wp\/v2\/product"}],"about":[{"href":"https:\/\/renard3dmodelisation.com\/index.php?rest_route=\/wp\/v2\/types\/product"}],"replies":[{"embeddable":true,"href":"https:\/\/renard3dmodelisation.com\/index.php?rest_route=%2Fwp%2Fv2%2Fcomments&post=325"}],"wp:featuredmedia":[{"embeddable":true,"href":"https:\/\/renard3dmodelisation.com\/index.php?rest_route=\/wp\/v2\/media\/326"}],"wp:attachment":[{"href":"https:\/\/renard3dmodelisation.com\/index.php?rest_route=%2Fwp%2Fv2%2Fmedia&parent=325"}],"wp:term":[{"taxonomy":"product_brand","embeddable":true,"href":"https:\/\/renard3dmodelisation.com\/index.php?rest_route=%2Fwp%2Fv2%2Fproduct_brand&post=325"},{"taxonomy":"product_cat","embeddable":true,"href":"https:\/\/renard3dmodelisation.com\/index.php?rest_route=%2Fwp%2Fv2%2Fproduct_cat&post=325"},{"taxonomy":"product_tag","embeddable":true,"href":"https:\/\/renard3dmodelisation.com\/index.php?rest_route=%2Fwp%2Fv2%2Fproduct_tag&post=325"}],"curies":[{"name":"wp","href":"https:\/\/api.w.org\/{rel}","templated":true}]}}