    {"id":355,"date":"2025-10-18T07:24:11","date_gmt":"2025-10-18T05:24:11","guid":{"rendered":"https:\/\/renard3dmodelisation.com\/?post_type=product&#038;p=355"},"modified":"2026-03-01T13:57:17","modified_gmt":"2026-03-01T12:57:17","slug":"axolotl-articule","status":"publish","type":"product","link":"https:\/\/renard3dmodelisation.com\/?product=axolotl-articule","title":{"rendered":"axolotl articul\u00e9"},"content":{"rendered":"<p>Besoin de garder vos mains occup\u00e9es pendant une r\u00e9union Zoom ? Ce petit compagnon articul\u00e9 est le rem\u00e8de ultime contre le stress.<\/p>\n","protected":false},"excerpt":{"rendered":"<p>Il ondule, il bouge, et surtout, il ne vous demandera jamais de nettoyer son aquarium.<\/p>\n<p>Le compagnon de bureau id\u00e9al pour chiller en toute s\u00e9r\u00e9nit\u00e9.\u00a0\u00bb<\/p>\n","protected":false},"featured_media":358,"comment_status":"open","ping_status":"closed","template":"","meta":{"_themeisle_gutenberg_block_has_review":false},"product_brand":[],"product_cat":[29],"product_tag":[],"class_list":{"0":"post-355","1":"product","2":"type-product","3":"status-publish","4":"has-post-thumbnail","6":"product_cat-gadget-jouet","8":"first","9":"instock","10":"taxable","11":"shipping-taxable","12":"purchasable","13":"product-type-variable"},"jetpack_sharing_enabled":true,"_links":{"self":[{"href":"https:\/\/renard3dmodelisation.com\/index.php?rest_route=\/wp\/v2\/product\/355","targetHints":{"allow":["GET"]}}],"collection":[{"href":"https:\/\/renard3dmodelisation.com\/index.php?rest_route=\/wp\/v2\/product"}],"about":[{"href":"https:\/\/renard3dmodelisation.com\/index.php?rest_route=\/wp\/v2\/types\/product"}],"replies":[{"embeddable":true,"href":"https:\/\/renard3dmodelisation.com\/index.php?rest_route=%2Fwp%2Fv2%2Fcomments&post=355"}],"wp:featuredmedia":[{"embeddable":true,"href":"https:\/\/renard3dmodelisation.com\/index.php?rest_route=\/wp\/v2\/media\/358"}],"wp:attachment":[{"href":"https:\/\/renard3dmodelisation.com\/index.php?rest_route=%2Fwp%2Fv2%2Fmedia&parent=355"}],"wp:term":[{"taxonomy":"product_brand","embeddable":true,"href":"https:\/\/renard3dmodelisation.com\/index.php?rest_route=%2Fwp%2Fv2%2Fproduct_brand&post=355"},{"taxonomy":"product_cat","embeddable":true,"href":"https:\/\/renard3dmodelisation.com\/index.php?rest_route=%2Fwp%2Fv2%2Fproduct_cat&post=355"},{"taxonomy":"product_tag","embeddable":true,"href":"https:\/\/renard3dmodelisation.com\/index.php?rest_route=%2Fwp%2Fv2%2Fproduct_tag&post=355"}],"curies":[{"name":"wp","href":"https:\/\/api.w.org\/{rel}","templated":true}]}}