    {"id":95,"date":"2025-09-21T11:09:42","date_gmt":"2025-09-21T09:09:42","guid":{"rendered":"https:\/\/renard3dmodelisation.com\/?post_type=product&#038;p=95"},"modified":"2026-03-01T10:43:22","modified_gmt":"2026-03-01T09:43:22","slug":"presentoir-a-bouteille","status":"publish","type":"product","link":"https:\/\/renard3dmodelisation.com\/?product=presentoir-a-bouteille","title":{"rendered":"pr\u00e9sentoir a bouteille"},"content":{"rendered":"<p>pr\u00e9sentoir qui met votre bouteille en valeur avec une inclinaison \u00e9l\u00e9gante,<\/p>\n<p>accompagn\u00e9 de deux emplacements pour verres suspendus pr\u00eats \u00e0 accueillir vos indispensables de d\u00e9gustation.<\/p>\n<h3 data-start=\"2063\" data-end=\"2096\">Caract\u00e9ristiques techniques<\/h3>\n<ul data-start=\"2097\" data-end=\"2273\">\n<li data-start=\"2097\" data-end=\"2138\">\n<p data-start=\"2099\" data-end=\"2138\">Mat\u00e9riau : PLA ou PETG selon version.<\/p>\n<\/li>\n<li data-start=\"2139\" data-end=\"2177\">\n<p data-start=\"2141\" data-end=\"2177\">Capacit\u00e9 : 1 bouteille + 2 verres.<\/p>\n<\/li>\n<li data-start=\"2178\" data-end=\"2225\">\n<p data-start=\"2180\" data-end=\"2225\">Dimensions : <strong>L<\/strong> : 19 cm\u00a0 <strong>l<\/strong> : 11.5 cm <strong>H<\/strong> : 21 cm<\/p>\n<\/li>\n<li data-start=\"2178\" data-end=\"2225\">Couleurs dispo : sur demande (bois clair, noir ou blanc.)<\/li>\n<\/ul>\n","protected":false},"excerpt":{"rendered":"<p>Ce pr\u00e9sentoir allie style et praticit\u00e9 pour sublimer vos ap\u00e9ros, d\u00eeners ou d\u00e9gustations.<br data-start=\"364\" data-end=\"367\" \/>Minimaliste, original bref, le support parfait pour trinquer avec classe<\/p>\n","protected":false},"featured_media":96,"comment_status":"open","ping_status":"closed","template":"","meta":{"_themeisle_gutenberg_block_has_review":false},"product_brand":[],"product_cat":[21],"product_tag":[],"class_list":{"0":"post-95","1":"product","2":"type-product","3":"status-publish","4":"has-post-thumbnail","6":"product_cat-art-de-la-table","8":"first","9":"instock","10":"taxable","11":"shipping-taxable","12":"purchasable","13":"product-type-simple"},"jetpack_sharing_enabled":true,"_links":{"self":[{"href":"https:\/\/renard3dmodelisation.com\/index.php?rest_route=\/wp\/v2\/product\/95","targetHints":{"allow":["GET"]}}],"collection":[{"href":"https:\/\/renard3dmodelisation.com\/index.php?rest_route=\/wp\/v2\/product"}],"about":[{"href":"https:\/\/renard3dmodelisation.com\/index.php?rest_route=\/wp\/v2\/types\/product"}],"replies":[{"embeddable":true,"href":"https:\/\/renard3dmodelisation.com\/index.php?rest_route=%2Fwp%2Fv2%2Fcomments&post=95"}],"wp:featuredmedia":[{"embeddable":true,"href":"https:\/\/renard3dmodelisation.com\/index.php?rest_route=\/wp\/v2\/media\/96"}],"wp:attachment":[{"href":"https:\/\/renard3dmodelisation.com\/index.php?rest_route=%2Fwp%2Fv2%2Fmedia&parent=95"}],"wp:term":[{"taxonomy":"product_brand","embeddable":true,"href":"https:\/\/renard3dmodelisation.com\/index.php?rest_route=%2Fwp%2Fv2%2Fproduct_brand&post=95"},{"taxonomy":"product_cat","embeddable":true,"href":"https:\/\/renard3dmodelisation.com\/index.php?rest_route=%2Fwp%2Fv2%2Fproduct_cat&post=95"},{"taxonomy":"product_tag","embeddable":true,"href":"https:\/\/renard3dmodelisation.com\/index.php?rest_route=%2Fwp%2Fv2%2Fproduct_tag&post=95"}],"curies":[{"name":"wp","href":"https:\/\/api.w.org\/{rel}","templated":true}]}}